{"id":106,"date":"2026-05-04T22:47:51","date_gmt":"2026-05-04T20:47:51","guid":{"rendered":"https:\/\/test.wescodevelopment.com\/?page_id=106"},"modified":"2026-05-04T22:47:51","modified_gmt":"2026-05-04T20:47:51","slug":"menu","status":"publish","type":"page","link":"https:\/\/test.wescodevelopment.com\/?page_id=106","title":{"rendered":"Menu"},"content":{"rendered":"<h2>Our Menu<\/h2>\n<p>Seasonal, locally sourced, freshly prepared. Our menu changes with the market \u2014 below is a representative guide. Ask your server about today&#8217;s specials.<\/p>\n<h3>Starters \u2014 R85 to R145<\/h3>\n<ul>\n<li>Saldanha Bay mussels, white wine, garlic, parsley, sourdough<\/li>\n<li>Burrata, heritage tomatoes, basil oil, Maldon salt<\/li>\n<li>Springbok carpaccio, capers, parmesan, rocket<\/li>\n<li>Roasted beetroot, whipped goat&#8217;s cheese, candied walnut, orange<\/li>\n<\/ul>\n<h3>Mains \u2014 R165 to R280<\/h3>\n<ul>\n<li>Slow-braised lamb shank, pearl barley risotto, gremolata<\/li>\n<li>Line fish of the day, baby potatoes, samphire, beurre blanc<\/li>\n<li>Free-range chicken, porcini cream, tagliatelle<\/li>\n<li>Butternut gnocchi, sage brown butter, toasted pine nuts (V)<\/li>\n<\/ul>\n<h3>Desserts \u2014 R75 to R95<\/h3>\n<ul>\n<li>Dark chocolate fondant, salted caramel, vanilla ice cream<\/li>\n<li>Cr\u00e8me br\u00fbl\u00e9e, shortbread, raspberries<\/li>\n<li>South African cheese selection, quince, crackers<\/li>\n<\/ul>\n<h3>Set Lunch \u2014 R295\/person<\/h3>\n<p>2 courses from \u00e0 la carte. Tuesday\u2013Friday, 12:00\u201314:30.<\/p>\n<h3>Tasting Menu \u2014 R650\/person<\/h3>\n<p>9-course chef&#8217;s experience. Optional wine pairing R350. Friday &amp; Saturday evenings only. Pre-booking essential.<\/p>\n","protected":false},"excerpt":{"rendered":"<p>Our Menu Seasonal, locally sourced, freshly prepared. Our menu changes with the market \u2014 below is a representative guide. Ask your server&#8230;<\/p>\n","protected":false},"author":1,"featured_media":0,"parent":0,"menu_order":10,"comment_status":"closed","ping_status":"closed","template":"page-flexible.php","meta":{"footnotes":""},"class_list":["post-106","page","type-page","status-publish","hentry"],"_links":{"self":[{"href":"https:\/\/test.wescodevelopment.com\/index.php?rest_route=\/wp\/v2\/pages\/106","targetHints":{"allow":["GET"]}}],"collection":[{"href":"https:\/\/test.wescodevelopment.com\/index.php?rest_route=\/wp\/v2\/pages"}],"about":[{"href":"https:\/\/test.wescodevelopment.com\/index.php?rest_route=\/wp\/v2\/types\/page"}],"author":[{"embeddable":true,"href":"https:\/\/test.wescodevelopment.com\/index.php?rest_route=\/wp\/v2\/users\/1"}],"replies":[{"embeddable":true,"href":"https:\/\/test.wescodevelopment.com\/index.php?rest_route=%2Fwp%2Fv2%2Fcomments&post=106"}],"version-history":[{"count":0,"href":"https:\/\/test.wescodevelopment.com\/index.php?rest_route=\/wp\/v2\/pages\/106\/revisions"}],"wp:attachment":[{"href":"https:\/\/test.wescodevelopment.com\/index.php?rest_route=%2Fwp%2Fv2%2Fmedia&parent=106"}],"curies":[{"name":"wp","href":"https:\/\/api.w.org\/{rel}","templated":true}]}}